{"id":51,"date":"2024-03-15T01:38:07","date_gmt":"2024-03-15T01:38:07","guid":{"rendered":"https:\/\/dgabogados.net\/?page_id=51"},"modified":"2024-03-16T18:30:22","modified_gmt":"2024-03-16T18:30:22","slug":"servicios","status":"publish","type":"page","link":"https:\/\/dgabogados.net\/index.php\/servicios\/","title":{"rendered":"Servicios"},"content":{"rendered":"\n<h2 class=\"wp-block-heading\"><strong>En DG Abogados\u00ae cuenta con abogados especializados en diversas \u00e1reas del derecho, <\/strong>para mayor informaci\u00f3n, te invitamos a darle click a la materia de especializaci\u00f3n que m\u00e1s se adecue a tus necesidades.<\/h2>\n\n\n\n<h2 class=\"wp-block-heading\"><\/h2>\n\n\n\n<p><\/p>\n\n\n\n<h2 class=\"wp-block-heading\"><\/h2>\n\n\n\n<p><\/p>\n\n\n\n<h2 class=\"wp-block-heading\"><\/h2>\n\n\n\n<p><\/p>\n\n\n\n<h2 class=\"wp-block-heading\"><\/h2>\n\n\n\n<h2 class=\"wp-block-heading\"><\/h2>\n\n\n\n<p><\/p>\n","protected":false},"excerpt":{"rendered":"<p>En DG Abogados\u00ae cuenta con abogados especializados en diversas \u00e1reas del derecho, para mayor informaci\u00f3n, te invitamos a darle click a la materia de especializaci\u00f3n que m\u00e1s se adecue a tus necesidades.<\/p>\n","protected":false},"author":1,"featured_media":0,"parent":0,"menu_order":0,"comment_status":"closed","ping_status":"closed","template":"","meta":{"_monsterinsights_skip_tracking":false,"_monsterinsights_sitenote_active":false,"_monsterinsights_sitenote_note":"","_monsterinsights_sitenote_category":0,"footnotes":""},"aioseo_notices":[],"_links":{"self":[{"href":"https:\/\/dgabogados.net\/index.php\/wp-json\/wp\/v2\/pages\/51"}],"collection":[{"href":"https:\/\/dgabogados.net\/index.php\/wp-json\/wp\/v2\/pages"}],"about":[{"href":"https:\/\/dgabogados.net\/index.php\/wp-json\/wp\/v2\/types\/page"}],"author":[{"embeddable":true,"href":"https:\/\/dgabogados.net\/index.php\/wp-json\/wp\/v2\/users\/1"}],"replies":[{"embeddable":true,"href":"https:\/\/dgabogados.net\/index.php\/wp-json\/wp\/v2\/comments?post=51"}],"version-history":[{"count":9,"href":"https:\/\/dgabogados.net\/index.php\/wp-json\/wp\/v2\/pages\/51\/revisions"}],"predecessor-version":[{"id":180,"href":"https:\/\/dgabogados.net\/index.php\/wp-json\/wp\/v2\/pages\/51\/revisions\/180"}],"wp:attachment":[{"href":"https:\/\/dgabogados.net\/index.php\/wp-json\/wp\/v2\/media?parent=51"}],"curies":[{"name":"wp","href":"https:\/\/api.w.org\/{rel}","templated":true}]}}