{"id":2,"date":"2024-03-13T16:42:13","date_gmt":"2024-03-13T16:42:13","guid":{"rendered":"http:\/\/dgabogados.net\/?page_id=2"},"modified":"2024-03-15T17:07:29","modified_gmt":"2024-03-15T17:07:29","slug":"pagina-ejemplo","status":"publish","type":"page","link":"https:\/\/dgabogados.net\/index.php\/pagina-ejemplo\/","title":{"rendered":"\u00bfQui\u00e9nes somos?"},"content":{"rendered":"\n<h2 class=\"wp-block-heading\">\u00bfQui\u00e9nes somos?<\/h2>\n\n\n\n<p><strong>En DG Abogados\u00ae somos abogados con m\u00e1s de 16 a\u00f1os de experiencia en consultor\u00eda, asesor\u00eda, orientaci\u00f3n, y representaci\u00f3n legal y jur\u00eddica.\u00a0Te ofrecemos servicios jur\u00eddicos preventivos que evitan gastos innecesarios, visualizando y previendo futuras contingencias. Nuestro equipo de abogados que conforman nuestro bufete jur\u00eddico son profesionales que est\u00e1n a tu disposici\u00f3n para brindar la asesor\u00eda que necesites.<\/strong><\/p>\n\n\n\n<p><strong>En DG Abogados\u00ae nos caracterizamos por contar con profesionales del derecho con amplia experiencia curricular, esto nos permite ser capaces de evaluar correctamente diversas situaciones legales a fin de ayudar a nuestros clientes a prevenir o solucionar conflictos de manera objetiva. Lo cual nos da un alto \u00edndice de eficacia y eficiencia, en beneficio de los intereses de nuestros representados.&nbsp;<\/strong><\/p>\n\n\n\n<p><\/p>\n\n\n\n<h2 class=\"wp-block-heading\"><strong>Nuestra Misi\u00f3n <\/strong><\/h2>\n\n\n\n<p><strong>Proporcionar una serie de servicios legales, contables y fiscales tendientes a satisfacer las necesidades y expectativas de nuestros clientes, a trav\u00e9s de un trato eficaz y personalizado por parte de nuestro especialistas a cada caso en concreto. <\/strong><\/p>\n\n\n\n<h2 class=\"wp-block-heading\"><strong>Nuestra Visi\u00f3n<\/strong><\/h2>\n\n\n\n<p><strong>Consolidar nuestros conocimientos, esfuerzos y experiencias a fin de ser uno de los mejores bufetes jur\u00eddicos a nivel nacional e internacional, contribuyendo con el crecimiento de nuestros clientes y de la sociedad en general.<\/strong><\/p>\n\n\n\n<h2 class=\"wp-block-heading\"><strong>Nuestros Valores<\/strong><\/h2>\n\n\n\n<p><\/p>\n","protected":false},"excerpt":{"rendered":"<p>\u00bfQui\u00e9nes somos? En DG Abogados\u00ae somos abogados con m\u00e1s de 16 a\u00f1os de experiencia en consultor\u00eda, asesor\u00eda, orientaci\u00f3n, y representaci\u00f3n legal y jur\u00eddica.\u00a0Te ofrecemos servicios jur\u00eddicos preventivos que evitan gastos innecesarios, visualizando y previendo futuras contingencias. Nuestro equipo de abogados que conforman nuestro bufete jur\u00eddico son profesionales que est\u00e1n a tu disposici\u00f3n para brindar la [&hellip;]<\/p>\n","protected":false},"author":1,"featured_media":0,"parent":0,"menu_order":0,"comment_status":"closed","ping_status":"open","template":"","meta":{"_monsterinsights_skip_tracking":false,"_monsterinsights_sitenote_active":false,"_monsterinsights_sitenote_note":"","_monsterinsights_sitenote_category":0,"footnotes":""},"aioseo_notices":[],"_links":{"self":[{"href":"https:\/\/dgabogados.net\/index.php\/wp-json\/wp\/v2\/pages\/2"}],"collection":[{"href":"https:\/\/dgabogados.net\/index.php\/wp-json\/wp\/v2\/pages"}],"about":[{"href":"https:\/\/dgabogados.net\/index.php\/wp-json\/wp\/v2\/types\/page"}],"author":[{"embeddable":true,"href":"https:\/\/dgabogados.net\/index.php\/wp-json\/wp\/v2\/users\/1"}],"replies":[{"embeddable":true,"href":"https:\/\/dgabogados.net\/index.php\/wp-json\/wp\/v2\/comments?post=2"}],"version-history":[{"count":9,"href":"https:\/\/dgabogados.net\/index.php\/wp-json\/wp\/v2\/pages\/2\/revisions"}],"predecessor-version":[{"id":107,"href":"https:\/\/dgabogados.net\/index.php\/wp-json\/wp\/v2\/pages\/2\/revisions\/107"}],"wp:attachment":[{"href":"https:\/\/dgabogados.net\/index.php\/wp-json\/wp\/v2\/media?parent=2"}],"curies":[{"name":"wp","href":"https:\/\/api.w.org\/{rel}","templated":true}]}}