{"id":142,"date":"2024-03-15T22:55:25","date_gmt":"2024-03-15T22:55:25","guid":{"rendered":"https:\/\/dgabogados.net\/?page_id=142"},"modified":"2024-03-16T18:26:45","modified_gmt":"2024-03-16T18:26:45","slug":"derecho-digital","status":"publish","type":"page","link":"https:\/\/dgabogados.net\/index.php\/derecho-digital\/","title":{"rendered":"Derecho Digital"},"content":{"rendered":"\n<h2 class=\"wp-block-heading\"><strong>Derecho <\/strong>Digital<\/h2>\n\n\n\n<p><strong>Estos profesionales brindan asesor\u00eda legal sobre las leyes y regulaciones relacionadas con la ciberseguridad, privacidad de datos, protecci\u00f3n de la informaci\u00f3n y delitos inform\u00e1ticos. Ayudan a empresas y organizaciones a comprender y cumplir con las normativas aplicables.<\/strong><\/p>\n","protected":false},"excerpt":{"rendered":"<p>Derecho Digital Estos profesionales brindan asesor\u00eda legal sobre las leyes y regulaciones relacionadas con la ciberseguridad, privacidad de datos, protecci\u00f3n de la informaci\u00f3n y delitos inform\u00e1ticos. Ayudan a empresas y organizaciones a comprender y cumplir con las normativas aplicables.<\/p>\n","protected":false},"author":1,"featured_media":0,"parent":0,"menu_order":0,"comment_status":"closed","ping_status":"closed","template":"","meta":{"_monsterinsights_skip_tracking":false,"_monsterinsights_sitenote_active":false,"_monsterinsights_sitenote_note":"","_monsterinsights_sitenote_category":0,"footnotes":""},"aioseo_notices":[],"_links":{"self":[{"href":"https:\/\/dgabogados.net\/index.php\/wp-json\/wp\/v2\/pages\/142"}],"collection":[{"href":"https:\/\/dgabogados.net\/index.php\/wp-json\/wp\/v2\/pages"}],"about":[{"href":"https:\/\/dgabogados.net\/index.php\/wp-json\/wp\/v2\/types\/page"}],"author":[{"embeddable":true,"href":"https:\/\/dgabogados.net\/index.php\/wp-json\/wp\/v2\/users\/1"}],"replies":[{"embeddable":true,"href":"https:\/\/dgabogados.net\/index.php\/wp-json\/wp\/v2\/comments?post=142"}],"version-history":[{"count":2,"href":"https:\/\/dgabogados.net\/index.php\/wp-json\/wp\/v2\/pages\/142\/revisions"}],"predecessor-version":[{"id":175,"href":"https:\/\/dgabogados.net\/index.php\/wp-json\/wp\/v2\/pages\/142\/revisions\/175"}],"wp:attachment":[{"href":"https:\/\/dgabogados.net\/index.php\/wp-json\/wp\/v2\/media?parent=142"}],"curies":[{"name":"wp","href":"https:\/\/api.w.org\/{rel}","templated":true}]}}