{"id":119,"date":"2024-03-15T20:27:52","date_gmt":"2024-03-15T20:27:52","guid":{"rendered":"https:\/\/dgabogados.net\/?page_id=119"},"modified":"2024-03-15T22:43:16","modified_gmt":"2024-03-15T22:43:16","slug":"david-rodriguez-calderon","status":"publish","type":"page","link":"https:\/\/dgabogados.net\/index.php\/david-rodriguez-calderon\/","title":{"rendered":"David Rodr\u00edguez Calder\u00f3n"},"content":{"rendered":"\n<p>Es Doctor en Derecho con acentuaci\u00f3n en M\u00e9todos Alternos de Soluci\u00f3n de Conflictos dentro del Programa Nacional de Posgrado de Calidad del CONACyT en la Facultad de Derecho y Criminolog\u00eda de la UANL, obteniendo menci\u00f3n honor\u00edfica \u201cMagna Cum Laude\u201d. <\/p>\n\n\n\n<p>Cuenta con una Maestr\u00eda en Administraci\u00f3n de la Educaci\u00f3n en la Escuela Ciencias de la Educaci\u00f3n. <\/p>\n\n\n\n<p>Estudi\u00f3 la Licenciatura en la Facultad de Derecho y Criminolog\u00eda en la Universidad Aut\u00f3noma de Nuevo Le\u00f3n. <\/p>\n\n\n\n<p>Es experto en Derecho Laboral y en Tecnolog\u00edas de la Informaci\u00f3n destacando sus aportes en el \u00e1rea del Teletrabajo y los Derechos Humanos de los Trabajadores.<\/p>\n\n\n\n<p>Actualmente funge como Presidente Rector del Colegio de Abogados de N.L. A.C.<\/p>\n\n\n\n<figure class=\"wp-block-image size-full\"><img loading=\"lazy\" decoding=\"async\" width=\"363\" height=\"365\" src=\"https:\/\/dgabogados.net\/wp-content\/uploads\/2024\/03\/DR-DRC.png\" alt=\"\" class=\"wp-image-134\" srcset=\"https:\/\/dgabogados.net\/wp-content\/uploads\/2024\/03\/DR-DRC.png 363w, https:\/\/dgabogados.net\/wp-content\/uploads\/2024\/03\/DR-DRC-298x300.png 298w, https:\/\/dgabogados.net\/wp-content\/uploads\/2024\/03\/DR-DRC-150x150.png 150w\" sizes=\"(max-width: 363px) 100vw, 363px\" \/><\/figure>\n","protected":false},"excerpt":{"rendered":"<p>Es Doctor en Derecho con acentuaci\u00f3n en M\u00e9todos Alternos de Soluci\u00f3n de Conflictos dentro del Programa Nacional de Posgrado de Calidad del CONACyT en la Facultad de Derecho y Criminolog\u00eda de la UANL, obteniendo menci\u00f3n honor\u00edfica \u201cMagna Cum Laude\u201d. Cuenta con una Maestr\u00eda en Administraci\u00f3n de la Educaci\u00f3n en la Escuela Ciencias de la Educaci\u00f3n. [&hellip;]<\/p>\n","protected":false},"author":1,"featured_media":0,"parent":0,"menu_order":0,"comment_status":"closed","ping_status":"closed","template":"","meta":{"_monsterinsights_skip_tracking":false,"_monsterinsights_sitenote_active":false,"_monsterinsights_sitenote_note":"","_monsterinsights_sitenote_category":0,"footnotes":""},"aioseo_notices":[],"_links":{"self":[{"href":"https:\/\/dgabogados.net\/index.php\/wp-json\/wp\/v2\/pages\/119"}],"collection":[{"href":"https:\/\/dgabogados.net\/index.php\/wp-json\/wp\/v2\/pages"}],"about":[{"href":"https:\/\/dgabogados.net\/index.php\/wp-json\/wp\/v2\/types\/page"}],"author":[{"embeddable":true,"href":"https:\/\/dgabogados.net\/index.php\/wp-json\/wp\/v2\/users\/1"}],"replies":[{"embeddable":true,"href":"https:\/\/dgabogados.net\/index.php\/wp-json\/wp\/v2\/comments?post=119"}],"version-history":[{"count":2,"href":"https:\/\/dgabogados.net\/index.php\/wp-json\/wp\/v2\/pages\/119\/revisions"}],"predecessor-version":[{"id":135,"href":"https:\/\/dgabogados.net\/index.php\/wp-json\/wp\/v2\/pages\/119\/revisions\/135"}],"wp:attachment":[{"href":"https:\/\/dgabogados.net\/index.php\/wp-json\/wp\/v2\/media?parent=119"}],"curies":[{"name":"wp","href":"https:\/\/api.w.org\/{rel}","templated":true}]}}