{"id":115,"date":"2024-03-15T20:23:39","date_gmt":"2024-03-15T20:23:39","guid":{"rendered":"https:\/\/dgabogados.net\/?page_id=115"},"modified":"2024-03-15T20:34:25","modified_gmt":"2024-03-15T20:34:25","slug":"daniel-alberto-garza-de-la-vega","status":"publish","type":"page","link":"https:\/\/dgabogados.net\/index.php\/daniel-alberto-garza-de-la-vega\/","title":{"rendered":"Daniel Alberto Garza de la Vega"},"content":{"rendered":"\n<h2 class=\"wp-block-heading\"><strong><mark>Dr. Daniel Alberto Garza de la Vega<\/mark><\/strong><\/h2>\n\n\n\n<p>Abogado especialista con m\u00e1s de 15 a\u00f1os de experiencia en Derecho Digital y Ciberseguridad. Ha realizado litigios estrat\u00e9gicos en materia de delitos inform\u00e1ticos, asesor jur\u00eddico en materia de Protecci\u00f3n de Datos y Firma Electr\u00f3nica Avanzada. Es especialista en Derecho Fiscal y Tecnolog\u00edas emergentes otorgando asesor\u00eda empresarial en los t\u00f3picos de Facturaci\u00f3n y Contabilidad Electr\u00f3nica; el uso de Bigdata en materia fiscal; el uso de Tecnolog\u00edas de Blockchain en materia fiscal; Fiscalizaci\u00f3n de las Criptomonedas; Derechos del Contribuyente a la Transparencia Algor\u00edtmica entre otros t\u00f3picos selectos.<\/p>\n\n\n\n<p>Es Doctor en Derecho con acentuaci\u00f3n en M\u00e9todos Alternos de Soluci\u00f3n de Conflictos dentro del Programa Nacional de Posgrado de Calidad del CONACyT en la Facultad de Derecho y Criminolog\u00eda de la UANL, obteniendo menci\u00f3n honor\u00edfica \u201cMagna Cum Laude\u201d. Cuenta con una Maestr\u00eda en Derecho Fiscal por la Facultad de Derecho y Criminolog\u00eda de la UANL, obteniendo menci\u00f3n honor\u00edfica por su desempe\u00f1o acad\u00e9mico y defensa de tesis. Es Licenciado en Derecho por la Facultad de Derecho y Criminolog\u00eda de la UANL, obteniendo reconocimiento al m\u00e9rito acad\u00e9mico.; as\u00ed como, Doctor en Derechos Humanos por la Universidad de Estudios Multinacionales.<\/p>\n\n\n\n<p>Cuenta con el reconocimiento del Sistema Nacional de Investigadores del CONAHCYT Nivel I. Es Investigador del CITEJyC-UANL. Es profesor en la Maestr\u00eda en Derecho Fiscal y Finanzas P\u00fablicas de la FacDyC-UANL en la materia de Digitalizaci\u00f3n Tributaria.<\/p>\n\n\n\n<p>Tiene el reconocimiento del Ilustre y Nacional Colegio de Abogados de M\u00e9xico y del Colegio de Abogados de Nuevo Le\u00f3n como Presidente de la Comisi\u00f3n de Derecho Digital y Ciberseguridad.<\/p>\n\n\n\n<p>Actualmente funge como Presidente Rector del Colegio de Especialistas en Derecho Digital, Ciberseguridad y Cibercriminolog\u00eda<strong><em><mark>\u00a0<a href=\"https:\/\/ceddcyc.org\/organigrama\/\" target=\"_blank\" rel=\"noreferrer noopener\">https:\/\/ceddcyc.org\/organigrama\/<\/a>.<\/mark><\/em><\/strong><\/p>\n\n\n\n<figure class=\"wp-block-image size-full is-resized\"><img loading=\"lazy\" decoding=\"async\" width=\"733\" height=\"849\" src=\"https:\/\/dgabogados.net\/wp-content\/uploads\/2024\/03\/DR-DAGV.jpeg\" alt=\"\" class=\"wp-image-123\" style=\"width:280px;height:auto\" srcset=\"https:\/\/dgabogados.net\/wp-content\/uploads\/2024\/03\/DR-DAGV.jpeg 733w, https:\/\/dgabogados.net\/wp-content\/uploads\/2024\/03\/DR-DAGV-259x300.jpeg 259w\" sizes=\"(max-width: 733px) 100vw, 733px\" \/><\/figure>\n","protected":false},"excerpt":{"rendered":"<p>Dr. Daniel Alberto Garza de la Vega Abogado especialista con m\u00e1s de 15 a\u00f1os de experiencia en Derecho Digital y Ciberseguridad. Ha realizado litigios estrat\u00e9gicos en materia de delitos inform\u00e1ticos, asesor jur\u00eddico en materia de Protecci\u00f3n de Datos y Firma Electr\u00f3nica Avanzada. Es especialista en Derecho Fiscal y Tecnolog\u00edas emergentes otorgando asesor\u00eda empresarial en los [&hellip;]<\/p>\n","protected":false},"author":1,"featured_media":0,"parent":0,"menu_order":0,"comment_status":"closed","ping_status":"closed","template":"","meta":{"_monsterinsights_skip_tracking":false,"_monsterinsights_sitenote_active":false,"_monsterinsights_sitenote_note":"","_monsterinsights_sitenote_category":0,"footnotes":""},"aioseo_notices":[],"_links":{"self":[{"href":"https:\/\/dgabogados.net\/index.php\/wp-json\/wp\/v2\/pages\/115"}],"collection":[{"href":"https:\/\/dgabogados.net\/index.php\/wp-json\/wp\/v2\/pages"}],"about":[{"href":"https:\/\/dgabogados.net\/index.php\/wp-json\/wp\/v2\/types\/page"}],"author":[{"embeddable":true,"href":"https:\/\/dgabogados.net\/index.php\/wp-json\/wp\/v2\/users\/1"}],"replies":[{"embeddable":true,"href":"https:\/\/dgabogados.net\/index.php\/wp-json\/wp\/v2\/comments?post=115"}],"version-history":[{"count":2,"href":"https:\/\/dgabogados.net\/index.php\/wp-json\/wp\/v2\/pages\/115\/revisions"}],"predecessor-version":[{"id":124,"href":"https:\/\/dgabogados.net\/index.php\/wp-json\/wp\/v2\/pages\/115\/revisions\/124"}],"wp:attachment":[{"href":"https:\/\/dgabogados.net\/index.php\/wp-json\/wp\/v2\/media?parent=115"}],"curies":[{"name":"wp","href":"https:\/\/api.w.org\/{rel}","templated":true}]}}